{"id":5842,"date":"2024-06-27T18:23:04","date_gmt":"2024-06-27T16:23:04","guid":{"rendered":"https:\/\/bricekrysikphotographe.fr\/?page_id=5842"},"modified":"2024-07-04T09:35:21","modified_gmt":"2024-07-04T07:35:21","slug":"lumys","status":"publish","type":"page","link":"https:\/\/bricekrysikphotographe.fr\/index.php\/lumys\/","title":{"rendered":"Votre Galerie"},"content":{"rendered":"\n<!--Lumys-->\n<div id=\"lumys-widget\"><\/div>\n<!--Lumys-->\n<script type=\"text\/javascript\">\n    var lumysUrl = \"https:\/\/app.lumys.photo\";\n    var lumysApiKey = \"m7egrvdf5306e2nh\";\n    \/\/ var lumysCategory = \"votre cat\u00e9gorie\";\n    !function (d, s, w) {\n        if (d.getElementById(w)) return;\n        var g = d.createElement(s), e = d.getElementsByTagName(s)[0]; g.id = w;\n        g.src = lumysUrl + \"\/widget\/lumys-widget-v1.js\";\n        e.parentNode.insertBefore(g, e);\n    }(document, 'script', 'lumys-widget-loader');\n<\/script>\n<!--fin Lumys-->\n\n\n\n<p><\/p>\n","protected":false},"excerpt":{"rendered":"","protected":false},"author":1,"featured_media":0,"parent":0,"menu_order":0,"comment_status":"closed","ping_status":"closed","template":"","meta":{"ocean_post_layout":"","ocean_both_sidebars_style":"","ocean_both_sidebars_content_width":0,"ocean_both_sidebars_sidebars_width":0,"ocean_sidebar":"","ocean_second_sidebar":"","ocean_disable_margins":"enable","ocean_add_body_class":"","ocean_shortcode_before_top_bar":"","ocean_shortcode_after_top_bar":"","ocean_shortcode_before_header":"","ocean_shortcode_after_header":"","ocean_has_shortcode":"","ocean_shortcode_after_title":"","ocean_shortcode_before_footer_widgets":"","ocean_shortcode_after_footer_widgets":"","ocean_shortcode_before_footer_bottom":"","ocean_shortcode_after_footer_bottom":"","ocean_display_top_bar":"default","ocean_display_header":"default","ocean_header_style":"","ocean_center_header_left_menu":"","ocean_custom_header_template":"","ocean_custom_logo":0,"ocean_custom_retina_logo":0,"ocean_custom_logo_max_width":0,"ocean_custom_logo_tablet_max_width":0,"ocean_custom_logo_mobile_max_width":0,"ocean_custom_logo_max_height":0,"ocean_custom_logo_tablet_max_height":0,"ocean_custom_logo_mobile_max_height":0,"ocean_header_custom_menu":"","ocean_menu_typo_font_family":"","ocean_menu_typo_font_subset":"","ocean_menu_typo_font_size":0,"ocean_menu_typo_font_size_tablet":0,"ocean_menu_typo_font_size_mobile":0,"ocean_menu_typo_font_size_unit":"px","ocean_menu_typo_font_weight":"","ocean_menu_typo_font_weight_tablet":"","ocean_menu_typo_font_weight_mobile":"","ocean_menu_typo_transform":"","ocean_menu_typo_transform_tablet":"","ocean_menu_typo_transform_mobile":"","ocean_menu_typo_line_height":0,"ocean_menu_typo_line_height_tablet":0,"ocean_menu_typo_line_height_mobile":0,"ocean_menu_typo_line_height_unit":"","ocean_menu_typo_spacing":0,"ocean_menu_typo_spacing_tablet":0,"ocean_menu_typo_spacing_mobile":0,"ocean_menu_typo_spacing_unit":"","ocean_menu_link_color":"","ocean_menu_link_color_hover":"","ocean_menu_link_color_active":"","ocean_menu_link_background":"","ocean_menu_link_hover_background":"","ocean_menu_link_active_background":"","ocean_menu_social_links_bg":"","ocean_menu_social_hover_links_bg":"","ocean_menu_social_links_color":"","ocean_menu_social_hover_links_color":"","ocean_disable_title":"default","ocean_disable_heading":"default","ocean_post_title":"","ocean_post_subheading":"","ocean_post_title_style":"","ocean_post_title_background_color":"","ocean_post_title_background":0,"ocean_post_title_bg_image_position":"","ocean_post_title_bg_image_attachment":"","ocean_post_title_bg_image_repeat":"","ocean_post_title_bg_image_size":"","ocean_post_title_height":0,"ocean_post_title_bg_overlay":0.5,"ocean_post_title_bg_overlay_color":"","ocean_disable_breadcrumbs":"default","ocean_breadcrumbs_color":"","ocean_breadcrumbs_separator_color":"","ocean_breadcrumbs_links_color":"","ocean_breadcrumbs_links_hover_color":"","ocean_display_footer_widgets":"default","ocean_display_footer_bottom":"default","ocean_custom_footer_template":"","footnotes":""},"class_list":["post-5842","page","type-page","status-publish","hentry","entry"],"yoast_head":"<!-- This site is optimized with the Yoast SEO plugin v26.7 - https:\/\/yoast.com\/wordpress\/plugins\/seo\/ -->\n<title>Lumys : votre Galerie Priv\u00e9e<\/title>\n<meta name=\"description\" content=\"Acc\u00e9dez \u00e0 votre s\u00e9ance photo via la Galerie priv\u00e9e Lumys. T\u00e9l\u00e9chargez vos photos ou imprimez-les directement sur la plateforme.\" \/>\n<meta name=\"robots\" content=\"index, follow, max-snippet:-1, max-image-preview:large, max-video-preview:-1\" \/>\n<link rel=\"canonical\" href=\"https:\/\/bricekrysikphotographe.fr\/index.php\/lumys\/\" \/>\n<meta property=\"og:locale\" content=\"fr_FR\" \/>\n<meta property=\"og:type\" content=\"article\" \/>\n<meta property=\"og:title\" content=\"Lumys : votre Galerie Priv\u00e9e\" \/>\n<meta property=\"og:description\" content=\"Acc\u00e9dez \u00e0 votre s\u00e9ance photo via la Galerie priv\u00e9e Lumys. T\u00e9l\u00e9chargez vos photos ou imprimez-les directement sur la plateforme.\" \/>\n<meta property=\"og:url\" content=\"https:\/\/bricekrysikphotographe.fr\/index.php\/lumys\/\" \/>\n<meta property=\"og:site_name\" content=\"bricekrysikphotographe.fr\" \/>\n<meta property=\"article:modified_time\" content=\"2024-07-04T07:35:21+00:00\" \/>\n<meta name=\"twitter:card\" content=\"summary_large_image\" \/>\n<script type=\"application\/ld+json\" class=\"yoast-schema-graph\">{\"@context\":\"https:\/\/schema.org\",\"@graph\":[{\"@type\":\"WebPage\",\"@id\":\"https:\/\/bricekrysikphotographe.fr\/index.php\/lumys\/\",\"url\":\"https:\/\/bricekrysikphotographe.fr\/index.php\/lumys\/\",\"name\":\"Lumys : votre Galerie Priv\u00e9e\",\"isPartOf\":{\"@id\":\"https:\/\/bricekrysikphotographe.fr\/#website\"},\"datePublished\":\"2024-06-27T16:23:04+00:00\",\"dateModified\":\"2024-07-04T07:35:21+00:00\",\"description\":\"Acc\u00e9dez \u00e0 votre s\u00e9ance photo via la Galerie priv\u00e9e Lumys. T\u00e9l\u00e9chargez vos photos ou imprimez-les directement sur la plateforme.\",\"breadcrumb\":{\"@id\":\"https:\/\/bricekrysikphotographe.fr\/index.php\/lumys\/#breadcrumb\"},\"inLanguage\":\"fr-FR\",\"potentialAction\":[{\"@type\":\"ReadAction\",\"target\":[\"https:\/\/bricekrysikphotographe.fr\/index.php\/lumys\/\"]}]},{\"@type\":\"BreadcrumbList\",\"@id\":\"https:\/\/bricekrysikphotographe.fr\/index.php\/lumys\/#breadcrumb\",\"itemListElement\":[{\"@type\":\"ListItem\",\"position\":1,\"name\":\"Accueil\",\"item\":\"https:\/\/bricekrysikphotographe.fr\/\"},{\"@type\":\"ListItem\",\"position\":2,\"name\":\"Votre Galerie\"}]},{\"@type\":\"WebSite\",\"@id\":\"https:\/\/bricekrysikphotographe.fr\/#website\",\"url\":\"https:\/\/bricekrysikphotographe.fr\/\",\"name\":\"bricekrysikphotographe.fr\",\"description\":\"Photographe Mariage Lorraine\",\"potentialAction\":[{\"@type\":\"SearchAction\",\"target\":{\"@type\":\"EntryPoint\",\"urlTemplate\":\"https:\/\/bricekrysikphotographe.fr\/?s={search_term_string}\"},\"query-input\":{\"@type\":\"PropertyValueSpecification\",\"valueRequired\":true,\"valueName\":\"search_term_string\"}}],\"inLanguage\":\"fr-FR\"}]}<\/script>\n<!-- \/ Yoast SEO plugin. -->","yoast_head_json":{"title":"Lumys : votre Galerie Priv\u00e9e","description":"Acc\u00e9dez \u00e0 votre s\u00e9ance photo via la Galerie priv\u00e9e Lumys. T\u00e9l\u00e9chargez vos photos ou imprimez-les directement sur la plateforme.","robots":{"index":"index","follow":"follow","max-snippet":"max-snippet:-1","max-image-preview":"max-image-preview:large","max-video-preview":"max-video-preview:-1"},"canonical":"https:\/\/bricekrysikphotographe.fr\/index.php\/lumys\/","og_locale":"fr_FR","og_type":"article","og_title":"Lumys : votre Galerie Priv\u00e9e","og_description":"Acc\u00e9dez \u00e0 votre s\u00e9ance photo via la Galerie priv\u00e9e Lumys. T\u00e9l\u00e9chargez vos photos ou imprimez-les directement sur la plateforme.","og_url":"https:\/\/bricekrysikphotographe.fr\/index.php\/lumys\/","og_site_name":"bricekrysikphotographe.fr","article_modified_time":"2024-07-04T07:35:21+00:00","twitter_card":"summary_large_image","schema":{"@context":"https:\/\/schema.org","@graph":[{"@type":"WebPage","@id":"https:\/\/bricekrysikphotographe.fr\/index.php\/lumys\/","url":"https:\/\/bricekrysikphotographe.fr\/index.php\/lumys\/","name":"Lumys : votre Galerie Priv\u00e9e","isPartOf":{"@id":"https:\/\/bricekrysikphotographe.fr\/#website"},"datePublished":"2024-06-27T16:23:04+00:00","dateModified":"2024-07-04T07:35:21+00:00","description":"Acc\u00e9dez \u00e0 votre s\u00e9ance photo via la Galerie priv\u00e9e Lumys. T\u00e9l\u00e9chargez vos photos ou imprimez-les directement sur la plateforme.","breadcrumb":{"@id":"https:\/\/bricekrysikphotographe.fr\/index.php\/lumys\/#breadcrumb"},"inLanguage":"fr-FR","potentialAction":[{"@type":"ReadAction","target":["https:\/\/bricekrysikphotographe.fr\/index.php\/lumys\/"]}]},{"@type":"BreadcrumbList","@id":"https:\/\/bricekrysikphotographe.fr\/index.php\/lumys\/#breadcrumb","itemListElement":[{"@type":"ListItem","position":1,"name":"Accueil","item":"https:\/\/bricekrysikphotographe.fr\/"},{"@type":"ListItem","position":2,"name":"Votre Galerie"}]},{"@type":"WebSite","@id":"https:\/\/bricekrysikphotographe.fr\/#website","url":"https:\/\/bricekrysikphotographe.fr\/","name":"bricekrysikphotographe.fr","description":"Photographe Mariage Lorraine","potentialAction":[{"@type":"SearchAction","target":{"@type":"EntryPoint","urlTemplate":"https:\/\/bricekrysikphotographe.fr\/?s={search_term_string}"},"query-input":{"@type":"PropertyValueSpecification","valueRequired":true,"valueName":"search_term_string"}}],"inLanguage":"fr-FR"}]}},"_links":{"self":[{"href":"https:\/\/bricekrysikphotographe.fr\/index.php\/wp-json\/wp\/v2\/pages\/5842","targetHints":{"allow":["GET"]}}],"collection":[{"href":"https:\/\/bricekrysikphotographe.fr\/index.php\/wp-json\/wp\/v2\/pages"}],"about":[{"href":"https:\/\/bricekrysikphotographe.fr\/index.php\/wp-json\/wp\/v2\/types\/page"}],"author":[{"embeddable":true,"href":"https:\/\/bricekrysikphotographe.fr\/index.php\/wp-json\/wp\/v2\/users\/1"}],"replies":[{"embeddable":true,"href":"https:\/\/bricekrysikphotographe.fr\/index.php\/wp-json\/wp\/v2\/comments?post=5842"}],"version-history":[{"count":3,"href":"https:\/\/bricekrysikphotographe.fr\/index.php\/wp-json\/wp\/v2\/pages\/5842\/revisions"}],"predecessor-version":[{"id":8815,"href":"https:\/\/bricekrysikphotographe.fr\/index.php\/wp-json\/wp\/v2\/pages\/5842\/revisions\/8815"}],"wp:attachment":[{"href":"https:\/\/bricekrysikphotographe.fr\/index.php\/wp-json\/wp\/v2\/media?parent=5842"}],"curies":[{"name":"wp","href":"https:\/\/api.w.org\/{rel}","templated":true}]}}